{"id":5,"date":"2019-03-05T19:10:25","date_gmt":"2019-03-05T19:10:25","guid":{"rendered":"http:\/\/gabriellococo.com\/es\/?page_id=5"},"modified":"2023-06-15T13:03:45","modified_gmt":"2023-06-15T13:03:45","slug":"inicio","status":"publish","type":"page","link":"http:\/\/gabriellococo.com\/es\/","title":{"rendered":"Inicio"},"content":{"rendered":"[vc_row fullwidth=\u00bbtrue\u00bb][vc_column][mk_fullwidth_slideshow padding=\u00bb0&#8243; images=\u00bb314,272,329&#8243; stretch_images=\u00bbtrue\u00bb effect=\u00bbslide\u00bb][\/vc_column][\/vc_row][vc_row css=\u00bb.vc_custom_1551905749368{padding-top: 100px !important;padding-bottom: 100px !important;}\u00bb id=\u00bbbio\u00bb][vc_column width=\u00bb1\/2&#8243;][mk_image src=\u00bbhttp:\/\/gabriellococo.com\/es\/wp-content\/uploads\/9.jpg\u00bb image_size=\u00bbfull\u00bb el_class=\u00bbfoto\u00bb][\/vc_column][vc_column width=\u00bb1\/2&#8243;][mk_fancy_title color=\u00bb#ffffff\u00bb size=\u00bb48&#8243; font_weight=\u00bb200&#8243; font_family=\u00bbnone\u00bb]Qui\u00e9n es Gabriel[\/mk_fancy_title][vc_column_text css=\u00bb.vc_custom_1686070559262{margin-bottom: 0px !important;}\u00bb]Su m\u00fasica busca llegar con sensibilidad y expresividad. Con formaci\u00f3n cl\u00e1sica ha transitado por los caminos de la m\u00fasica buscando un sonido propio y a trav\u00e9s de la m\u00fasica, llevar un mensaje de amor, paz y espiritualidad. La m\u00fasica es el idioma universal por excelencia.<\/p>\n<p>Comenz\u00f3 a estudiar piano a la edad de 7 a\u00f1os con la pianista Cecilia De Francesco y luego continu\u00f3 de la mano de maestros como Rodolfo Pellita y Carmen Etcheverry. Su formaci\u00f3n acad\u00e9mica cl\u00e1sica le ha permitido tener una ductilidad y habilidad para interpretar piezas con gran virtuosismo.<\/p>\n<p>Como concertista de Piano ha realizado conciertos destac\u00e1ndose escenarios como el Teatro Col\u00f3n, Teatro Gral. San Mart\u00edn, Casa de la Cultura de la Ciudad de Bs. As, C\u00edrculo Militar, Caf\u00e9 Tortoni (Junto con la Orquesta de Tango Buenos Aires Sur), Teatro del Sol (Villa Carlos Paz) , Fundaci\u00f3n Eterno Dise\u00f1o (auspiciado por el Museo del Louvre), entre otros. Su pasi\u00f3n por la m\u00fasica de cine y publicidad lo ha llevado a trabajar muchos a\u00f1os como m\u00fasico compositor en publicidad, compuso numerosos jingles y bandas para TV, cine, teatro, radio y documentales tanto para Argentina, Uruguay y Brasil.<br \/>\nEn el a\u00f1o 2021 ha sido galardonado con el \u201cPREMIO ARPA\u201d c\u00f3mo mejor \u00e1lbum instrumental.<\/p>\n<p>\u201cBlessing\u201d es su nuevo lanzamiento junto con la Venezuela String Recording Ensemble donde a trav\u00e9s de originales y expresivas melod\u00edas busca tocar el coraz\u00f3n, brindando un momento de paz, inspiraci\u00f3n y motivaci\u00f3n.<br \/>\n[\/vc_column_text][vc_row_inner][vc_column_inner width=\u00bb1\/4&#8243; css=\u00bb.vc_custom_1551825844024{padding-right: 0px !important;padding-left: 0px !important;}\u00bb][mk_fancy_title color=\u00bb#ffffff\u00bb font_weight=\u00bbbold\u00bb txt_transform=\u00bbuppercase\u00bb margin_top=\u00bb30&#8243; margin_bottom=\u00bb0&#8243; font_family=\u00bbnone\u00bb]Te invito a<br \/>\nseguirme en<br \/>\nlas redes[\/mk_fancy_title][\/vc_column_inner][vc_column_inner width=\u00bb3\/4&#8243; css=\u00bb.vc_custom_1551825850400{padding-left: 0px !important;}\u00bb][mk_social_networks size=\u00bbx-large\u00bb style=\u00bbsquare-rounded\u00bb margin=\u00bb15&#8243; border_color=\u00bb#eeeeee\u00bb facebook=\u00bbhttps:\/\/facebook.com\/gabriellococo.piano\u00bb instagram=\u00bbhttps:\/\/instagram.com\/gabriellococo.oficial\u00bb youtube=\u00bbhttps\/\/youtube.com\/GabrielLococo\u00bb][\/vc_column_inner][\/vc_row_inner][\/vc_column][\/vc_row][vc_row fullwidth=\u00bbtrue\u00bb id=\u00bbgaleria\u00bb][vc_column][mk_gallery images=\u00bb317,316,291,290,289,288,287,286,285,284,283,282,281,280,279,278,277,346,366,365,364,363,362,361,360,359,358,357,356,355,354,353,352,351,350,349,348&#8243; column=\u00bb6&#8243; height=\u00bb200&#8243; hover_scenarios=\u00bbgrayscale\u00bb item_spacing=\u00bb5&#8243; margin_bottom=\u00bb0&#8243; order=\u00bbDESC\u00bb][\/vc_column][\/vc_row][vc_row fullwidth=\u00bbtrue\u00bb fullwidth_content=\u00bbfalse\u00bb parallax=\u00bbcontent-moving\u00bb parallax_image=\u00bb342&#8243; css=\u00bb.vc_custom_1686071533909{padding-top: 100px !important;padding-bottom: 100px !important;background-position: center;background-repeat: no-repeat !important;background-size: cover !important;}\u00bb id=\u00bbmusica\u00bb][vc_column width=\u00bb1\/2&#8243;][mk_image src=\u00bbhttp:\/\/gabriellococo.com\/es\/wp-content\/uploads\/postulacion_tapa_blessing_gabriel-lococo-512&#215;512.png\u00bb image_size=\u00bbfull\u00bb align=\u00bbcenter\u00bb el_class=\u00bbfoto\u00bb][\/vc_column][vc_column width=\u00bb1\/2&#8243;][mk_fancy_title color=\u00bb#ffffff\u00bb size=\u00bb48&#8243; font_weight=\u00bb200&#8243; font_family=\u00bbnone\u00bb]Blessing[\/mk_fancy_title][vc_column_text css=\u00bb.vc_custom_1686071114859{margin-bottom: 0px !important;}\u00bb]<strong>Lanzamiento:<\/strong> 08\/2022 |\u00a0<strong>Formato:<\/strong> Digital | CD | <strong>Certificaciones:<\/strong> RIAA: Gold[\/vc_column_text][vc_column_text css=\u00bb.vc_custom_1686071176977{margin-bottom: 0px !important;}\u00bb]<iframe loading=\"lazy\" style=\"border-radius: 12px;\" src=\"https:\/\/open.spotify.com\/embed\/album\/4OGpsO0HgzsBRIWEG88cCX?utm_source=generator\" width=\"100%\" height=\"480\" frameborder=\"0\" allowfullscreen=\"allowfullscreen\"><\/iframe>[\/vc_column_text][vc_row_inner][vc_column_inner width=\u00bb1\/4&#8243;][mk_fancy_title color=\u00bb#ffffff\u00bb font_weight=\u00bbbold\u00bb txt_transform=\u00bbuppercase\u00bb margin_top=\u00bb10&#8243; margin_bottom=\u00bb0&#8243; font_family=\u00bbnone\u00bb]Adquirilo ahora[\/mk_fancy_title][\/vc_column_inner][vc_column_inner width=\u00bb1\/6&#8243; css=\u00bb.vc_custom_1551819793045{padding-left: 0px !important;}\u00bb][vc_icon icon_fontawesome=\u00bbfa fa-spotify\u00bb color=\u00bbwhite\u00bb background_style=\u00bbrounded-less-outline\u00bb link=\u00bburl:https%3A%2F%2Fopen.spotify.com%2Falbum%2F2uyiGN2KWYZY5tBn1DKbNl||target:%20_blank|\u00bb][\/vc_column_inner][vc_column_inner width=\u00bb1\/6&#8243; css=\u00bb.vc_custom_1551820003044{padding-left: 0px !important;}\u00bb][vc_icon icon_fontawesome=\u00bbfa fa-amazon\u00bb color=\u00bbwhite\u00bb background_style=\u00bbrounded-less-outline\u00bb][\/vc_column_inner][vc_column_inner width=\u00bb1\/6&#8243; css=\u00bb.vc_custom_1551820010508{padding-left: 0px !important;}\u00bb][vc_icon type=\u00bbmonosocial\u00bb icon_monosocial=\u00bbvc-mono vc-mono-apple\u00bb color=\u00bbwhite\u00bb background_style=\u00bbrounded-less-outline\u00bb][\/vc_column_inner][vc_column_inner width=\u00bb1\/6&#8243; css=\u00bb.vc_custom_1551820017556{padding-left: 0px !important;}\u00bb][vc_icon icon_fontawesome=\u00bbfa fa-youtube-play\u00bb color=\u00bbwhite\u00bb background_style=\u00bbrounded-less-outline\u00bb][\/vc_column_inner][\/vc_row_inner][\/vc_column][\/vc_row][vc_row fullwidth=\u00bbtrue\u00bb fullwidth_content=\u00bbfalse\u00bb id=\u00bbgaleria\u00bb css=\u00bb.vc_custom_1634934834961{margin-top: 80px !important;}\u00bb][vc_column][mk_fancy_title color=\u00bb#ffffff\u00bb size=\u00bb48&#8243; font_weight=\u00bb200&#8243; font_family=\u00bbnone\u00bb align=\u00bbcenter\u00bb]Novedades y Prensa[\/mk_fancy_title][mk_gallery images=\u00bb293,294,295,296,297,368,369,370,371,372,373,374,375,376,377,378,379,380,381,382&#8243; column=\u00bb5&#8243; height=\u00bb200&#8243; hover_scenarios=\u00bbgrayscale\u00bb item_spacing=\u00bb5&#8243; margin_bottom=\u00bb0&#8243; order=\u00bbDESC\u00bb][\/vc_column][\/vc_row][vc_row fullwidth=\u00bbtrue\u00bb css=\u00bb.vc_custom_1632939241202{margin-bottom: 0px !important;padding-top: 80px !important;padding-bottom: 0px !important;}\u00bb id=\u00bbdiscografia\u00bb][vc_column][mk_fancy_title color=\u00bb#ffffff\u00bb size=\u00bb48&#8243; font_weight=\u00bb200&#8243; font_family=\u00bbnone\u00bb align=\u00bbcenter\u00bb]Discograf\u00eda[\/mk_fancy_title][mk_portfolio_carousel style=\u00bbmodern\u00bb count=\u00bb6&#8243; image_size=\u00bbfull\u00bb pause_on_hover=\u00bbtrue\u00bb][\/vc_column][\/vc_row][vc_row fullwidth=\u00bbtrue\u00bb id=\u00bbgaleria\u00bb css=\u00bb.vc_custom_1634933960235{margin-top: 80px !important;}\u00bb][vc_column][mk_fancy_title color=\u00bb#ffffff\u00bb size=\u00bb48&#8243; font_weight=\u00bb200&#8243; font_family=\u00bbnone\u00bb align=\u00bbcenter\u00bb]Cine y T.V.[\/mk_fancy_title][vc_row_inner attached=\u00bbtrue\u00bb][vc_column_inner width=\u00bb1\/3&#8243;][mk_gallery images=\u00bb300,301,302&#8243; image_size=\u00bbfull\u00bb hover_scenarios=\u00bbgrayscale\u00bb item_spacing=\u00bb5&#8243; margin_bottom=\u00bb0&#8243; order=\u00bbDESC\u00bb][\/vc_column_inner][vc_column_inner width=\u00bb1\/3&#8243;][mk_gallery images=\u00bb303,304,305&#8243; image_size=\u00bbfull\u00bb hover_scenarios=\u00bbgrayscale\u00bb item_spacing=\u00bb5&#8243; margin_bottom=\u00bb0&#8243; order=\u00bbDESC\u00bb][\/vc_column_inner][vc_column_inner width=\u00bb1\/3&#8243;][mk_gallery images=\u00bb306,307,308&#8243; image_size=\u00bbfull\u00bb hover_scenarios=\u00bbgrayscale\u00bb item_spacing=\u00bb5&#8243; margin_bottom=\u00bb0&#8243; order=\u00bbDESC\u00bb][\/vc_column_inner][\/vc_row_inner][\/vc_column][\/vc_row][vc_row fullwidth=\u00bbtrue\u00bb css=\u00bb.vc_custom_1552408903018{margin-top: 0px !important;margin-right: 0px !important;margin-bottom: 0px !important;margin-left: 0px !important;border-top-width: 0px !important;padding-top: 0px !important;padding-bottom: 0px !important;}\u00bb][vc_column][vc_video link=\u00bbhttps:\/\/www.youtube.com\/watch?v=sBBNcGcsvjQ\u00bb autoplay=\u00bbtrue\u00bb loop=\u00bbtrue\u00bb][\/vc_column][\/vc_row][vc_row fullwidth=\u00bbtrue\u00bb fullwidth_content=\u00bbfalse\u00bb css=\u00bb.vc_custom_1552413218107{padding-top: 80px !important;padding-bottom: 80px !important;}\u00bb id=\u00bbreconocimientos\u00bb][vc_column][mk_fancy_title color=\u00bb#ffffff\u00bb size=\u00bb48&#8243; font_weight=\u00bb200&#8243; font_family=\u00bbnone\u00bb align=\u00bbcenter\u00bb]Reconocimientos[\/mk_fancy_title][vc_row_inner attached=\u00bbtrue\u00bb][vc_column_inner width=\u00bb1\/4&#8243;][mk_image src=\u00bbhttp:\/\/gabriellococo.com\/es\/wp-content\/uploads\/akademia.jpg\u00bb image_size=\u00bbfull\u00bb title=\u00bb2021 &#8211; Akademia Music Awards\u00bb desc=\u00bbGanador Mejor \u00c1lbum Instrumental \u201cTiempos de Piano\u201d\u00bb caption_location=\u00bboutside-image\u00bb align=\u00bbcenter\u00bb el_class=\u00bbreconocimiento\u00bb][\/vc_column_inner][vc_column_inner width=\u00bb1\/4&#8243;][mk_image src=\u00bbhttp:\/\/gabriellococo.com\/es\/wp-content\/uploads\/arpa.jpg\u00bb image_size=\u00bbfull\u00bb title=\u00bb2021 &#8211; Premios Arpa\u00bb desc=\u00bbGanador Mejor \u00c1lbum Instrumental \u201cGabriel Lococo plays Daniel Figueiredo\u201d\u00bb caption_location=\u00bboutside-image\u00bb align=\u00bbcenter\u00bb el_class=\u00bbreconocimiento\u00bb][\/vc_column_inner][vc_column_inner width=\u00bb1\/4&#8243;][mk_image src=\u00bbhttp:\/\/gabriellococo.com\/es\/wp-content\/uploads\/2014-reconocimiento-gabriel-lococo.jpg\u00bb image_size=\u00bbfull\u00bb title=\u00bb2014 &#8211; II Festival de Cinema Brasil Internacional\u00bb desc=\u00bb\u201cMejor Banda Sonora del Festival\u201d 24200 Cruce Sanmartiniano R\u00edo de Janeiro &#8211; Brasil\u00bb caption_location=\u00bboutside-image\u00bb align=\u00bbcenter\u00bb el_class=\u00bbreconocimiento\u00bb][\/vc_column_inner][vc_column_inner width=\u00bb1\/4&#8243;][mk_image src=\u00bbhttp:\/\/gabriellococo.com\/es\/wp-content\/uploads\/2011-b-reconocimiento-gabriel-lococo.jpg\u00bb image_size=\u00bbfull\u00bb title=\u00bb2012 &#8211; Sal\u00f3n Internacional de Turismo, Arte y Cultura\u00bb desc=\u00bb\u201cBuzios Mejor Destino Sol y Playa del mundo\u201d &#8211; \u201c Terra de Pescadores\u201d Espa\u00f1a\u00bb caption_location=\u00bboutside-image\u00bb align=\u00bbcenter\u00bb el_class=\u00bbreconocimiento\u00bb][\/vc_column_inner][\/vc_row_inner][vc_row_inner attached=\u00bbtrue\u00bb][vc_column_inner width=\u00bb1\/4&#8243;][mk_image src=\u00bbhttp:\/\/gabriellococo.com\/es\/wp-content\/uploads\/2011-reconocimiento-gabriel-lococo.jpg\u00bb image_size=\u00bbfull\u00bb title=\u00bb2011 &#8211; Premios Estrella Concert Mejor Espect\u00e1culo Infantil\u00bb desc=\u00bb\u201cLos Sue\u00f1os de Martita\u201d Villa Carlos Paz &#8211; C\u00f3rdoba . Argentina\u00bb caption_location=\u00bboutside-image\u00bb align=\u00bbcenter\u00bb el_class=\u00bbreconocimiento\u00bb][\/vc_column_inner][vc_column_inner width=\u00bb1\/4&#8243;][mk_image src=\u00bbhttp:\/\/gabriellococo.com\/es\/wp-content\/uploads\/2011-reconocimiento-gabriel-lococo-1.jpg\u00bb image_size=\u00bbfull\u00bb title=\u00bb2011 &#8211; Nominaci\u00f3n Fund TV \u201c24200 Cruce Sanmartiniano\u201d\u00bb desc=\u00bbMejor Producci\u00f3n Buenos Aires &#8211; Argentina\u00bb caption_location=\u00bboutside-image\u00bb align=\u00bbcenter\u00bb el_class=\u00bbreconocimiento\u00bb][\/vc_column_inner][vc_column_inner width=\u00bb1\/4&#8243;][mk_image src=\u00bbhttp:\/\/gabriellococo.com\/es\/wp-content\/uploads\/2011-c-reconocimiento-gabriel-lococo.jpg\u00bb image_size=\u00bbfull\u00bb title=\u00bb2011 &#8211; Premios Carlos Mejor Espect\u00e1culo Infantil\u00bb desc=\u00bb\u201c Los Sue\u00f1os de Martita\u201d Villa Carlos Paz &#8211; C\u00f3rdoba . Argentina\u00bb caption_location=\u00bboutside-image\u00bb align=\u00bbcenter\u00bb el_class=\u00bbreconocimiento\u00bb][\/vc_column_inner][vc_column_inner width=\u00bb1\/4&#8243;][mk_image src=\u00bbhttp:\/\/gabriellococo.com\/es\/wp-content\/uploads\/2010-reconocimiento-gabriel-lococo.jpg\u00bb image_size=\u00bbfull\u00bb title=\u00bb2010 &#8211; Nominaci\u00f3n Carlos Gardel\u00bb desc=\u00bb\u201cMejor artista de Cuarteto\u201d Gladys Florimonte &#8211; Album Zulman\u00eda\u00bb caption_location=\u00bboutside-image\u00bb align=\u00bbcenter\u00bb el_class=\u00bbreconocimiento\u00bb][\/vc_column_inner][\/vc_row_inner][vc_row_inner attached=\u00bbtrue\u00bb css=\u00bb.vc_custom_1552408548876{margin-top: 0px !important;}\u00bb][vc_column_inner width=\u00bb1\/4&#8243;][\/vc_column_inner][vc_column_inner width=\u00bb1\/4&#8243;][mk_image src=\u00bbhttp:\/\/gabriellococo.com\/es\/wp-content\/uploads\/2009-reconocimiento-gabriel-lococo.jpg\u00bb image_size=\u00bbfull\u00bb title=\u00bb2009 &#8211; Lapiz de Platino\u00bb desc=\u00bbJurado Buenos Aires &#8211; Argentina\u00bb caption_location=\u00bboutside-image\u00bb align=\u00bbcenter\u00bb el_class=\u00bbreconocimiento\u00bb][\/vc_column_inner][vc_column_inner width=\u00bb1\/4&#8243;][mk_image src=\u00bbhttp:\/\/gabriellococo.com\/es\/wp-content\/uploads\/1994-reconocimiento-gabriel-lococo.jpg\u00bb image_size=\u00bbfull\u00bb title=\u00bb1994 &#8211; Medalla de Oro y Premio Asociaci\u00f3n\u00bb desc=\u00bbInstituto Musical Pueyrred\u00f3n Buenos Aires &#8211; Argentina\u00bb caption_location=\u00bboutside-image\u00bb align=\u00bbcenter\u00bb el_class=\u00bbreconocimiento\u00bb][\/vc_column_inner][vc_column_inner width=\u00bb1\/4&#8243;][\/vc_column_inner][\/vc_row_inner][\/vc_column][\/vc_row][vc_row fullwidth=\u00bbtrue\u00bb][vc_column][vc_column_text css=\u00bb.vc_custom_1551813891277{margin-bottom: 0px !important;}\u00bb]\n<div id=\"sb_instagram\"  class=\"sbi sbi_mob_col_4 sbi_tab_col_4 sbi_col_4\" style=\"padding-bottom: 10px; background-color: rgb(0,0,0); width: 100%;\"\t data-feedid=\"sbi_#4\"  data-res=\"auto\" data-cols=\"4\" data-colsmobile=\"4\" data-colstablet=\"4\" data-num=\"4\" data-nummobile=\"\" data-item-padding=\"5\"\t data-shortcode-atts=\"{&quot;cachetime&quot;:720}\"  data-postid=\"5\" data-locatornonce=\"7c9ced0680\" data-imageaspectratio=\"1:1\" data-sbi-flags=\"favorLocal\">\n\t\n\t<div id=\"sbi_images\"  style=\"gap: 10px;\">\n\t\t\t<\/div>\n\n\t<div id=\"sbi_load\" >\n\n\t\n\t\n<\/div>\n\t\t<span class=\"sbi_resized_image_data\" data-feed-id=\"sbi_#4\"\n\t\t  data-resized=\"[]\">\n\t<\/span>\n\t<\/div>\n\n[\/vc_column_text][\/vc_column][\/vc_row][vc_row fullwidth=\u00bbtrue\u00bb fullwidth_content=\u00bbfalse\u00bb parallax=\u00bbcontent-moving\u00bb parallax_image=\u00bb46&#8243; css=\u00bb.vc_custom_1551821224624{padding-top: 100px !important;padding-bottom: 100px !important;}\u00bb id=\u00bbcontacto\u00bb][vc_column width=\u00bb1\/2&#8243;][\/vc_column][vc_column width=\u00bb1\/2&#8243;][vc_row_inner][vc_column_inner width=\u00bb1\/2&#8243;][mk_fancy_title color=\u00bb#ffffff\u00bb size=\u00bb48&#8243; font_weight=\u00bb200&#8243; font_family=\u00bbnone\u00bb]Contacto[\/mk_fancy_title][\/vc_column_inner][vc_column_inner width=\u00bb1\/6&#8243; css=\u00bb.vc_custom_1551819793045{padding-left: 0px !important;}\u00bb][vc_icon icon_fontawesome=\u00bbfa fa-envelope-o\u00bb color=\u00bbwhite\u00bb background_style=\u00bbrounded-less-outline\u00bb link=\u00bburl:mailto%3Acontacto%40gabriellococo.com||target:%20_blank|\u00bb][\/vc_column_inner][vc_column_inner width=\u00bb1\/6&#8243; css=\u00bb.vc_custom_1551820003044{padding-left: 0px !important;}\u00bb][vc_icon icon_fontawesome=\u00bbfa fa-phone\u00bb color=\u00bbwhite\u00bb background_style=\u00bbrounded-less-outline\u00bb link=\u00bburl:tel%3A%2B5491140964832|||\u00bb][\/vc_column_inner][vc_column_inner width=\u00bb1\/6&#8243; css=\u00bb.vc_custom_1551820010508{padding-left: 0px !important;}\u00bb][vc_icon icon_fontawesome=\u00bbfa fa-whatsapp\u00bb color=\u00bbwhite\u00bb background_style=\u00bbrounded-less-outline\u00bb link=\u00bburl:tel%3A%2B5491140964832|||\u00bb][\/vc_column_inner][\/vc_row_inner][mk_contact_form style=\u00bbline\u00bb button_text=\u00bbEnviar comentarios\u00bb line_skin_color=\u00bb#ffffff\u00bb line_button_text_color=\u00bblight\u00bb captcha=\u00bbfalse\u00bb gdpr_consent_text=\u00bbConsiento que Gabriel Lococo recopile mis datos a trav\u00e9s de este formulario.\u00bb][\/vc_column][\/vc_row]\n","protected":false},"excerpt":{"rendered":"<p>[vc_row fullwidth=\u00bbtrue\u00bb][vc_column][mk_fullwidth_slideshow padding=\u00bb0&#8243; images=\u00bb314,272,329&#8243; stretch_images=\u00bbtrue\u00bb effect=\u00bbslide\u00bb][\/vc_column][\/vc_row][vc_row css=\u00bb.vc_custom_1551905749368{padding-top: 100px !important;padding-bottom: 100px !important;}\u00bb id=\u00bbbio\u00bb][vc_column width=\u00bb1\/2&#8243;][mk_image src=\u00bbhttp:\/\/gabriellococo.com\/es\/wp-content\/uploads\/9.jpg\u00bb image_size=\u00bbfull\u00bb el_class=\u00bbfoto\u00bb][\/vc_column][vc_column width=\u00bb1\/2&#8243;][mk_fancy_title color=\u00bb#ffffff\u00bb size=\u00bb48&#8243; font_weight=\u00bb200&#8243; font_family=\u00bbnone\u00bb]Qui\u00e9n es Gabriel[\/mk_fancy_title][vc_column_text css=\u00bb.vc_custom_1686070559262{margin-bottom: 0px !important;}\u00bb]Su m\u00fasica busca llegar con sensibilidad y expresividad. Con formaci\u00f3n cl\u00e1sica ha transitado por los caminos de la m\u00fasica buscando un sonido propio y a trav\u00e9s de la m\u00fasica, llevar [&hellip;]<\/p>\n","protected":false},"author":2,"featured_media":0,"parent":0,"menu_order":0,"comment_status":"closed","ping_status":"closed","template":"","meta":{"footnotes":""},"class_list":["post-5","page","type-page","status-publish","hentry"],"_links":{"self":[{"href":"http:\/\/gabriellococo.com\/es\/wp-json\/wp\/v2\/pages\/5","targetHints":{"allow":["GET"]}}],"collection":[{"href":"http:\/\/gabriellococo.com\/es\/wp-json\/wp\/v2\/pages"}],"about":[{"href":"http:\/\/gabriellococo.com\/es\/wp-json\/wp\/v2\/types\/page"}],"author":[{"embeddable":true,"href":"http:\/\/gabriellococo.com\/es\/wp-json\/wp\/v2\/users\/2"}],"replies":[{"embeddable":true,"href":"http:\/\/gabriellococo.com\/es\/wp-json\/wp\/v2\/comments?post=5"}],"version-history":[{"count":134,"href":"http:\/\/gabriellococo.com\/es\/wp-json\/wp\/v2\/pages\/5\/revisions"}],"predecessor-version":[{"id":383,"href":"http:\/\/gabriellococo.com\/es\/wp-json\/wp\/v2\/pages\/5\/revisions\/383"}],"wp:attachment":[{"href":"http:\/\/gabriellococo.com\/es\/wp-json\/wp\/v2\/media?parent=5"}],"curies":[{"name":"wp","href":"https:\/\/api.w.org\/{rel}","templated":true}]}}