{"id":182,"date":"2019-04-02T20:02:31","date_gmt":"2019-04-02T20:02:31","guid":{"rendered":"http:\/\/gabriellococo.com\/es\/?page_id=182"},"modified":"2021-08-03T18:24:41","modified_gmt":"2021-08-03T18:24:41","slug":"biografia","status":"publish","type":"page","link":"http:\/\/gabriellococo.com\/es\/biografia\/","title":{"rendered":"Biograf\u00eda"},"content":{"rendered":"[vc_row fullwidth=\u00bbtrue\u00bb fullwidth_content=\u00bbfalse\u00bb css=\u00bb.vc_custom_1554303395492{padding-top: 100px !important;padding-bottom: 100px !important;background-position: center !important;background-repeat: no-repeat !important;background-size: cover !important;}\u00bb id=\u00bbbio\u00bb][vc_column width=\u00bb1\/2&#8243;][mk_fancy_title color=\u00bb#ffffff\u00bb size=\u00bb48&#8243; font_weight=\u00bb200&#8243; font_family=\u00bbnone\u00bb]Qui\u00e9n es Gabriel[\/mk_fancy_title][vc_column_text css=\u00bb.vc_custom_1556045040494{margin-bottom: 0px !important;}\u00bb]Gabriel Lococo naci\u00f3 en Buenos Aires, a los 7 a\u00f1os inicia sus estudios musicales con los Profesores Rodolfo Pellitta y Carmen Etcheverry. Es pianista, compositor y Lic. en publicidad.<\/p>\n<p>Su m\u00fasica busca llegar con sensibilidad y expresividad. Con formaci\u00f3n cl\u00e1sica Gabriel ha transitado por los caminos de la m\u00fasica buscando un sonido propio, y a trav\u00e9s de la m\u00fasica llevar un mensaje de amor, paz y espiritualidad. La m\u00fasica es el idioma universal por excelencia.<\/p>\n[\/vc_column_text][\/vc_column][vc_column width=\u00bb1\/2&#8243;][mk_image src=\u00bbhttp:\/\/gabriellococo.com\/es\/wp-content\/uploads\/7.jpg\u00bb image_size=\u00bbfull\u00bb el_class=\u00bbfoto\u00bb][\/vc_column][\/vc_row][vc_row fullwidth=\u00bbtrue\u00bb fullwidth_content=\u00bbfalse\u00bb parallax=\u00bbcontent-moving\u00bb parallax_image=\u00bb189&#8243; css=\u00bb.vc_custom_1554237834477{padding-top: 100px !important;padding-bottom: 100px !important;background-position: center;background-repeat: no-repeat;background-size: cover !important;}\u00bb id=\u00bbbio\u00bb][vc_column width=\u00bb1\/2&#8243;][\/vc_column][vc_column width=\u00bb1\/2&#8243;][mk_padding_divider visibility=\u00bbvisible-dt\u00bb][vc_column_text css=\u00bb.vc_custom_1554236767546{margin-bottom: 0px !important;}\u00bb]\n<p>Su m\u00fasica busca llegar con sensibilidad y expresividad. Con formaci\u00f3n cl\u00e1sica Gabriel ha transitado por los caminos de la m\u00fasica buscando un sonido propio, y a trav\u00e9s de la m\u00fasica llevar un mensaje de amor, paz y espiritualidad. La m\u00fasica es el idioma universal por excelencia. Comenz\u00f3 a estudiar piano a la edad de 7 a\u00f1os de la mano de maestros como Rodolfo Pellita y Carmen Etcheverry.<\/p>\n<div class=\"cp-wrapper\">\n<div class=\"cp-main-content\" style=\"background-position: top; background-image: url('images\/fondo1.jpg'); background-repeat: no-repeat;\">\n<section class=\"pd-tb60\">\n<div class=\"container\">\n<div class=\"row\">\n<div class=\"col-md-6\">\n<div class=\"cp-about-text\">\n<p>Ya desde ni\u00f1o gustaba de componer y crear sus propias melod\u00edas. Su formaci\u00f3n acad\u00e9mica cl\u00e1sica le ha permitido tener una ductilidad y habilidad para interpretar piezas con gran virtuosismo. Como concertista de Piano ha realizado numerosos conciertos destac\u00e1ndose escenarios como el Teatro Col\u00f3n, Teatro Gral. San Mart\u00edn, Casa de la Cultura de la Ciudad de Bs. As, C\u00edrculo Militar, Caf\u00e9 Tortoni (Junto con la Orquesta de Tango Buenos Aires Sur), Teatro del Sol (Villa Carlos Paz) , Fundaci\u00f3n Eterno Dise\u00f1o (auspiciado por el Museo del Louvre), entre otros.<\/p>\n<p>Su pasi\u00f3n por la m\u00fasica de cine y publicidad lo ha llevado a trabajar muchos a\u00f1os como m\u00fasico compositor en publicidad, compuso numerosos jingles y bandas para TV, cine, teatro, radio y documentales tanto para Argentina, Uruguay, y Brasil.<\/p>\n<p>\u201cTIEMPOS DE PIANO\u201d es su segundo \u00e1lbum solista instrumental donde a trav\u00e9s de originales y expresivas melod\u00edas busca tocar el coraz\u00f3n, brindando un momento de paz interior, armon\u00eda, amor e inspiraci\u00f3n.<\/p>\n<\/div>\n<\/div>\n<\/div>\n<\/div>\n<\/section>\n<\/div>\n<\/div>\n[\/vc_column_text][vc_row_inner css=\u00bb.vc_custom_1554237368124{margin-top: 0px !important;padding-top: 0px !important;}\u00bb][vc_column_inner width=\u00bb1\/4&#8243; css=\u00bb.vc_custom_1551825844024{padding-right: 0px !important;padding-left: 0px !important;}\u00bb][mk_fancy_title color=\u00bb#ffffff\u00bb font_weight=\u00bbbold\u00bb txt_transform=\u00bbuppercase\u00bb margin_top=\u00bb30&#8243; margin_bottom=\u00bb0&#8243; font_family=\u00bbnone\u00bb]Te invito a<br \/>\nseguirme en<br \/>\nlas redes[\/mk_fancy_title][\/vc_column_inner][vc_column_inner width=\u00bb3\/4&#8243; css=\u00bb.vc_custom_1551825850400{padding-left: 0px !important;}\u00bb][mk_social_networks size=\u00bbx-large\u00bb style=\u00bbsquare-rounded\u00bb margin=\u00bb15&#8243; border_color=\u00bb#eeeeee\u00bb facebook=\u00bbhttps:\/\/facebook.com\/gabriellococo.piano\u00bb instagram=\u00bbhttps:\/\/instagram.com\/gabriellococo.oficial\u00bb youtube=\u00bbhttps\/\/youtube.com\/GabrielLococo\u00bb][\/vc_column_inner][\/vc_row_inner][\/vc_column][\/vc_row][vc_row fullwidth=\u00bbtrue\u00bb fullwidth_content=\u00bbfalse\u00bb id=\u00bbgaleria\u00bb css=\u00bb.vc_custom_1554497018990{padding-top: 80px !important;padding-bottom: 80px !important;}\u00bb][vc_column][vc_accordions container_bg_color=\u00bb#000000&#8243;][vc_accordion_tab title=\u00bb1994&#8243;][vc_column_text css=\u00bb.vc_custom_1554235164867{margin-bottom: 0px !important;}\u00bb]Egresado del Instituto Musical Pueyrred\u00f3n. (Avalado por el Fondo Nacional de las Artes) Profesor superior de Piano, Lenguaje musical, R\u00edtmica, Audioperceptiva y Armon\u00eda. Recibido en el a\u00f1o 1994 con Medalla de Oro y Premio Asociaci\u00f3n.<\/p>\n<p>Durante su carrera ha realizado numerosos conciertos de piano ( repertorio Chopin, Beethoven, Mozart, Bach, Debussy, Lizt, Albeniz, Rachmaminof, Mendelshonn, Piazzolla, entre otros) a lo largo del pa\u00eds y se ha desempe\u00f1ado profesionalmente en sus dos carreras en forma paralela y conjunta. [\/vc_column_text][\/vc_accordion_tab][vc_accordion_tab title=\u00bb1999&#8243;][vc_column_text css=\u00bb.vc_custom_1554235226866{margin-bottom: 0px !important;}\u00bb]En el a\u00f1o 1999 ha realizado estudios de M\u00fasica publicitaria con el Maestro de Jazz Jorge L\u00f3pez Ruiz.[\/vc_column_text][\/vc_accordion_tab][vc_accordion_tab title=\u00bb2000\/2001&#8243;][vc_column_text css=\u00bb.vc_custom_1554235264586{margin-bottom: 0px !important;}\u00bb]Tambien realiz\u00f3 estudios de armon\u00eda y composici\u00f3n con maestros como Freddy Leban y en la Escuela de M\u00fasica de Sadaic con el Maestro Juan Carlos Cirigliano.[\/vc_column_text][\/vc_accordion_tab][vc_accordion_tab title=\u00bb2000\/2001&#8243;][vc_column_text css=\u00bb.vc_custom_1554235290625{margin-bottom: 0px !important;}\u00bb]Tambien realiz\u00f3 estudios de armon\u00eda y composici\u00f3n con maestros como Freddy Leban y en la Escuela de M\u00fasica de Sadaic con el Maestro Juan Carlos Cirigliano.<\/p>\n<p>Es un m\u00fasico vers\u00e1til y tambi\u00e9n autor de letras, durante su formaci\u00f3n ha estudiado y perfeccionado en diversos estilos de m\u00fasica, desde lo cl\u00e1sico a lo popular, (cl\u00e1sica, baladas, tango, latino, pop, electr\u00f3nica, \u00e9pica y m\u00fasica para cine).<\/p>\n<p>Desde hace m\u00e1s de 14 a\u00f1os ha trabajado en productoras, agencias de publicidad, medios de comunicaci\u00f3n, en actividad docente y siendo jurado de institutos de m\u00fasica.<br \/>\n[\/vc_column_text][\/vc_accordion_tab][vc_accordion_tab title=\u00bb2000\/2007&#8243;][vc_column_text css=\u00bb.vc_custom_1554235315889{margin-bottom: 0px !important;}\u00bb]Como m\u00fasico publicitario compuso jingles, bandas para TV y radio tanto para Argentina como Uruguay. Integrando el Staff de SCM Producciones trabaj\u00f3 para cortinas de TV (Jorge Lanata, America 2, TN, etc). Tambi\u00e9n realiz\u00f3 la musicalizaci\u00f3n en el programa de TV \u201cColorimetr\u00eda musical\u201d trabajando junto al Director Ra\u00fal Caserta. [\/vc_column_text][\/vc_accordion_tab][vc_accordion_tab title=\u00bb2008&#8243;][vc_column_text css=\u00bb.vc_custom_1554235334969{margin-bottom: 0px !important;}\u00bb]Junto con los m\u00fasicos Freddy Leban y Pato Sorrentino compuso la m\u00fasica y la direcci\u00f3n musical del 1er. Disco de la actriz Gladys Florimonte, titulado \u201cZulman\u00eda\u201d, el cual fue nominado para los Premios Carlos Gardel.[\/vc_column_text][\/vc_accordion_tab][vc_accordion_tab title=\u00bb2009&#8243;][vc_column_text css=\u00bb.vc_custom_1556044046533{margin-bottom: 0px !important;}\u00bb]En noviembre de 2009 fue jurado del Premio publicitario \u201cL\u00e1piz de Platino\u201d.[\/vc_column_text][\/vc_accordion_tab][vc_accordion_tab title=\u00bb2010&#8243;][vc_column_text css=\u00bb.vc_custom_1556044070603{margin-bottom: 0px !important;}\u00bb]Compuso La Banda Sonora y Leit Motiv del Docu-Reality \u201c24200\/Cruce Sanmartiniano\u201d emitido por la TV P\u00fablica, conducido por Sergio Ver\u00f3n y Adri\u00e1n Cormillot, auspiciado por el Gobierno de San Juan.[\/vc_column_text][\/vc_accordion_tab][vc_accordion_tab title=\u00bb2011&#8243;][vc_column_text css=\u00bb.vc_custom_1556044253611{margin-bottom: 0px !important;}\u00bb]Compuso la m\u00fasica y letra para la Obra de Teatro Infantil \u201cLos Sue\u00f1os de Martita\u201d junto con Valeria Lynch, protagonizada por Gladys Florimonte y producida por Dar\u00edo Arellano, en el Teatro Coral de la Ciudad de Villa Carlos Paz.[\/vc_column_text][\/vc_accordion_tab][vc_accordion_tab title=\u00bb2011&#8243;][vc_column_text css=\u00bb.vc_custom_1556044282210{margin-bottom: 0px !important;}\u00bb]Compuso la banda de sonido del filme audiovisual de la Secretar\u00eda de Turismo de Buzios &#8211; Brasil &#8211; la cual fue presentada en ferias Internacionales como Buenos Aires, R\u00edo de Janeiro, Espa\u00f1a, Francia, entre otras.[\/vc_column_text][\/vc_accordion_tab][vc_accordion_tab title=\u00bb2012&#8243;][vc_column_text css=\u00bb.vc_custom_1556044325218{margin-bottom: 0px !important;}\u00bb]Compuso la cortina musical Leit Motiv del programa de TV \u201cRecorre Monumentos\u201d (auspiciado por la Secretar\u00eda de Cultura de la Naci\u00f3n y de la Comisi\u00f3n Nacional de Monumentos Hist\u00f3ricos Argentinos) emitido por Canal Encuentro y actualmente en la se\u00f1al 360 TV.[\/vc_column_text][\/vc_accordion_tab][vc_accordion_tab title=\u00bb2013&#8243;][vc_column_text css=\u00bb.vc_custom_1556044364938{margin-bottom: 0px !important;}\u00bb]Abre su productora de M\u00fasica Gabriel Lococo Music, contin\u00faa trabajando y componiendo para bandas de sonido de TV y Documentales como \u201c Planeamos tu d\u00eda\u201d.[\/vc_column_text][\/vc_accordion_tab][vc_accordion_tab title=\u00bb2014&#8243;][vc_column_text css=\u00bb.vc_custom_1556044390960{margin-bottom: 0px !important;}\u00bb]Ganador del 2do. Festival Brasil de Cinema Internacional R\u00edo de Janeiro \u2013 Brasil. a la mejor banda sonora del festival de cine por su trabajo para el Docu-Reality 24200 Cruce de Los Andes.[\/vc_column_text][\/vc_accordion_tab][vc_accordion_tab title=\u00bb2015&#8243;][vc_column_text css=\u00bb.vc_custom_1556044416761{margin-bottom: 0px !important;}\u00bb]Comienza los trabajos para la grabaci\u00f3n de su primer disco solista instrumental Y Compone la banda de sonido Leit Motiv del programa de TV Patronos y herederos.[\/vc_column_text][\/vc_accordion_tab][vc_accordion_tab title=\u00bb2016&#8243;][vc_column_text css=\u00bb.vc_custom_1556044441224{margin-bottom: 0px !important;}\u00bb]Lanz\u00f3 su Primer disco Instrumental \u201cPiano Whisper\u201d, y continu\u00f3 componiendo para diferentes proyectos musicales.[\/vc_column_text][\/vc_accordion_tab][vc_accordion_tab title=\u00bb2017&#8243;][vc_column_text css=\u00bb.vc_custom_1556044476506{margin-bottom: 0px !important;}\u00bb]Un nuevo proyecto de Disco Instrumental viene asomando junto con la creaci\u00f3n de la nueva productora Becuadro TV, donde est\u00e1 encargado de realizar la m\u00fasica de todos los proyectos audiovisuales de dicha productora. Tambi\u00e9n ha viajado a pa\u00edses como Colombia, Bolivia y Brasil para la generaci\u00f3n de nuevos proyectos musicales.[\/vc_column_text][\/vc_accordion_tab][vc_accordion_tab title=\u00bb2018&#8243;][vc_column_text css=\u00bb.vc_custom_1556044521305{margin-bottom: 0px !important;}\u00bb]Lanzamiento de su segundo \u00e1lbum instrumental \u201cTIEMPOS DE PIANO\u201d pr\u00f3ximamente se presentar\u00e1 en importantes escenarios. &#8211; En breve estar\u00e1 viajando a R\u00edo de Janeiro para grabar un nuevo CD de Piano y cuarteto de cuerdas con las composiciones del c\u00e9lebre compositor brasile\u00f1o y multipremiado Daniel Figueiredo, creador de grandes \u00e9xitos musicales en cine y tv. como por ej. La banda musical de las novelas Mois\u00e9s y los Diez Mandamientos y La Tierra Prometida.[\/vc_column_text][\/vc_accordion_tab][vc_accordion_tab title=\u00bb2019&#8243;][vc_column_text css=\u00bb.vc_custom_1628014144872{margin-bottom: 0px !important;}\u00bb]Grabaci\u00f3n y Lanzamiento del \u00c1lbum Gabriel Lococo Plays Daniel Figueiredo.<br \/>\nY es representante en Argentina de la Productora de bandas sonoras brasile\u00f1a Music Solution.<br \/>\n[\/vc_column_text][\/vc_accordion_tab][vc_accordion_tab title=\u00bb2020&#8243;][vc_column_text css=\u00bb.vc_custom_1628014167232{margin-bottom: 0px !important;}\u00bb]Se incorpora como miembro votante de la Academia Latin Grammy Awards.<br \/>\nY comienza la preparaci\u00f3n para un nuevo \u00e1lbum y obra teatral musical.<br \/>\n[\/vc_column_text][\/vc_accordion_tab][vc_accordion_tab title=\u00bb2021&#8243;][vc_column_text css=\u00bb.vc_custom_1628014192200{margin-bottom: 0px !important;}\u00bb]Lanzamiento del \u00c1lbum \u201cTemas Unidos\u201d junto al compositor ingl\u00e9s Mark Slater, lanzado bajo el sello \u201cMake Noise Not War Records\u201d de Los \u00c1ngeles, California.<\/p>\n<p>Est\u00e1 actualmente en la grabaci\u00f3n de un nuevo \u00e1lbum instrumental junto al productor venezolano Raniero Palm.<br \/>\n[\/vc_column_text][\/vc_accordion_tab][\/vc_accordions][\/vc_column][\/vc_row][vc_row fullwidth=\u00bbtrue\u00bb id=\u00bbgaleria\u00bb][vc_column][mk_gallery images=\u00bb19,23,24,25,26,32,33,34&#8243; column=\u00bb4&#8243; image_size=\u00bbfull\u00bb hover_scenarios=\u00bbgrayscale\u00bb item_spacing=\u00bb5&#8243; margin_bottom=\u00bb0&#8243;][\/vc_column][\/vc_row][vc_row fullwidth=\u00bbtrue\u00bb fullwidth_content=\u00bbfalse\u00bb parallax=\u00bbcontent-moving\u00bb parallax_image=\u00bb76&#8243; css=\u00bb.vc_custom_1551905727528{padding-top: 100px !important;padding-bottom: 100px !important;background-position: center;background-repeat: no-repeat !important;background-size: cover !important;}\u00bb id=\u00bbmusica\u00bb][vc_column width=\u00bb1\/2&#8243;][mk_image src=\u00bbhttp:\/\/gabriellococo.com\/es\/wp-content\/uploads\/tapa-cd_gabriellococo_02-2.jpg\u00bb image_size=\u00bbfull\u00bb align=\u00bbcenter\u00bb el_class=\u00bbfoto\u00bb][\/vc_column][vc_column width=\u00bb1\/2&#8243;][mk_fancy_title color=\u00bb#ffffff\u00bb size=\u00bb48&#8243; font_weight=\u00bb200&#8243; font_family=\u00bbnone\u00bb]Tiempos de Piano[\/mk_fancy_title][vc_column_text css=\u00bb.vc_custom_1551821621567{margin-bottom: 0px !important;}\u00bb]<strong>Lanzamiento:<\/strong> 13\/12\/2018 |\u00a0<strong>Formato:<\/strong> Digital | CD | <strong>Certificaciones:<\/strong> RIAA: Gold[\/vc_column_text][vc_column_text css=\u00bb.vc_custom_1551820883001{margin-bottom: 0px !important;}\u00bb]<iframe loading=\"lazy\" src=\"https:\/\/open.spotify.com\/embed\/album\/2uyiGN2KWYZY5tBn1DKbNl\" width=\"500\" height=\"580\" frameborder=\"0\"><\/iframe>[\/vc_column_text][vc_row_inner][vc_column_inner width=\u00bb1\/4&#8243;][mk_fancy_title color=\u00bb#ffffff\u00bb font_weight=\u00bbbold\u00bb txt_transform=\u00bbuppercase\u00bb margin_top=\u00bb10&#8243; margin_bottom=\u00bb0&#8243; font_family=\u00bbnone\u00bb]Adquirilo ahora[\/mk_fancy_title][\/vc_column_inner][vc_column_inner width=\u00bb1\/6&#8243; css=\u00bb.vc_custom_1551819793045{padding-left: 0px !important;}\u00bb][vc_icon icon_fontawesome=\u00bbfa fa-spotify\u00bb color=\u00bbwhite\u00bb background_style=\u00bbrounded-less-outline\u00bb link=\u00bburl:https%3A%2F%2Fopen.spotify.com%2Falbum%2F2uyiGN2KWYZY5tBn1DKbNl||target:%20_blank|\u00bb][\/vc_column_inner][vc_column_inner width=\u00bb1\/6&#8243; css=\u00bb.vc_custom_1551820003044{padding-left: 0px !important;}\u00bb][vc_icon icon_fontawesome=\u00bbfa fa-amazon\u00bb color=\u00bbwhite\u00bb background_style=\u00bbrounded-less-outline\u00bb][\/vc_column_inner][vc_column_inner width=\u00bb1\/6&#8243; css=\u00bb.vc_custom_1551820010508{padding-left: 0px !important;}\u00bb][vc_icon type=\u00bbmonosocial\u00bb icon_monosocial=\u00bbvc-mono vc-mono-apple\u00bb color=\u00bbwhite\u00bb background_style=\u00bbrounded-less-outline\u00bb][\/vc_column_inner][vc_column_inner width=\u00bb1\/6&#8243; css=\u00bb.vc_custom_1551820017556{padding-left: 0px !important;}\u00bb][vc_icon icon_fontawesome=\u00bbfa fa-youtube-play\u00bb color=\u00bbwhite\u00bb background_style=\u00bbrounded-less-outline\u00bb][\/vc_column_inner][\/vc_row_inner][\/vc_column][\/vc_row][vc_row fullwidth=\u00bbtrue\u00bb css=\u00bb.vc_custom_1552413204892{margin-bottom: 0px !important;padding-top: 80px !important;padding-bottom: 0px !important;}\u00bb id=\u00bbreconocimientos\u00bb][vc_column][mk_fancy_title color=\u00bb#ffffff\u00bb size=\u00bb48&#8243; font_weight=\u00bb200&#8243; font_family=\u00bbnone\u00bb align=\u00bbcenter\u00bb]Discograf\u00eda[\/mk_fancy_title][vc_row_inner][vc_column_inner][mk_portfolio_carousel style=\u00bbmodern\u00bb count=\u00bb6&#8243; image_size=\u00bbfull\u00bb pause_on_hover=\u00bbtrue\u00bb][\/vc_column_inner][\/vc_row_inner][\/vc_column][\/vc_row][vc_row fullwidth=\u00bbtrue\u00bb fullwidth_content=\u00bbfalse\u00bb css=\u00bb.vc_custom_1552413218107{padding-top: 80px !important;padding-bottom: 80px !important;}\u00bb id=\u00bbreconocimientos\u00bb][vc_column][mk_fancy_title color=\u00bb#ffffff\u00bb size=\u00bb48&#8243; font_weight=\u00bb200&#8243; font_family=\u00bbnone\u00bb align=\u00bbcenter\u00bb]Reconocimientos[\/mk_fancy_title][vc_row_inner attached=\u00bbtrue\u00bb][vc_column_inner width=\u00bb1\/4&#8243;][mk_image src=\u00bbhttp:\/\/gabriellococo.com\/es\/wp-content\/uploads\/2014-reconocimiento-gabriel-lococo.jpg\u00bb image_size=\u00bbfull\u00bb title=\u00bb2014 &#8211; II Festival de Cinema Brasil Internacional\u00bb desc=\u00bb\u201cMejor Banda Sonora del Festival\u201d 24200 Cruce Sanmartiniano R\u00edo de Janeiro &#8211; Brasil\u00bb caption_location=\u00bboutside-image\u00bb align=\u00bbcenter\u00bb el_class=\u00bbreconocimiento\u00bb][\/vc_column_inner][vc_column_inner width=\u00bb1\/4&#8243;][mk_image src=\u00bbhttp:\/\/gabriellococo.com\/es\/wp-content\/uploads\/2011-b-reconocimiento-gabriel-lococo.jpg\u00bb image_size=\u00bbfull\u00bb title=\u00bb2012 &#8211; Sal\u00f3n Internacional de Turismo, Arte y Cultura\u00bb desc=\u00bb\u201cBuzios Mejor Destino Sol y Playa del mundo\u201d &#8211; \u201c Terra de Pescadores\u201d Espa\u00f1a\u00bb caption_location=\u00bboutside-image\u00bb align=\u00bbcenter\u00bb el_class=\u00bbreconocimiento\u00bb][\/vc_column_inner][vc_column_inner width=\u00bb1\/4&#8243;][mk_image src=\u00bbhttp:\/\/gabriellococo.com\/es\/wp-content\/uploads\/2011-reconocimiento-gabriel-lococo.jpg\u00bb image_size=\u00bbfull\u00bb title=\u00bb2011 &#8211; Premios Estrella Concert Mejor Espect\u00e1culo Infantil\u00bb desc=\u00bb\u201cLos Sue\u00f1os de Martita\u201d Villa Carlos Paz &#8211; C\u00f3rdoba . Argentina\u00bb caption_location=\u00bboutside-image\u00bb align=\u00bbcenter\u00bb el_class=\u00bbreconocimiento\u00bb][\/vc_column_inner][vc_column_inner width=\u00bb1\/4&#8243;][mk_image src=\u00bbhttp:\/\/gabriellococo.com\/es\/wp-content\/uploads\/2011-reconocimiento-gabriel-lococo-1.jpg\u00bb image_size=\u00bbfull\u00bb title=\u00bb2011 &#8211; Nominaci\u00f3n Fund TV \u201c24200 Cruce Sanmartiniano\u201d\u00bb desc=\u00bbMejor Producci\u00f3n Buenos Aires &#8211; Argentina\u00bb caption_location=\u00bboutside-image\u00bb align=\u00bbcenter\u00bb el_class=\u00bbreconocimiento\u00bb][\/vc_column_inner][\/vc_row_inner][vc_row_inner attached=\u00bbtrue\u00bb css=\u00bb.vc_custom_1552408548876{margin-top: 0px !important;}\u00bb][vc_column_inner width=\u00bb1\/4&#8243;][mk_image src=\u00bbhttp:\/\/gabriellococo.com\/es\/wp-content\/uploads\/2011-c-reconocimiento-gabriel-lococo.jpg\u00bb image_size=\u00bbfull\u00bb title=\u00bb2011 &#8211; Premios Carlos Mejor Espect\u00e1culo Infantil\u00bb desc=\u00bb\u201c Los Sue\u00f1os de Martita\u201d Villa Carlos Paz &#8211; C\u00f3rdoba . Argentina\u00bb caption_location=\u00bboutside-image\u00bb align=\u00bbcenter\u00bb el_class=\u00bbreconocimiento\u00bb][\/vc_column_inner][vc_column_inner width=\u00bb1\/4&#8243;][mk_image src=\u00bbhttp:\/\/gabriellococo.com\/es\/wp-content\/uploads\/2010-reconocimiento-gabriel-lococo.jpg\u00bb image_size=\u00bbfull\u00bb title=\u00bb2010 &#8211; Nominaci\u00f3n Carlos Gardel\u00bb desc=\u00bb\u201cMejor artista de Cuarteto\u201d Gladys Florimonte &#8211; Album Zulman\u00eda\u00bb caption_location=\u00bboutside-image\u00bb align=\u00bbcenter\u00bb el_class=\u00bbreconocimiento\u00bb][\/vc_column_inner][vc_column_inner width=\u00bb1\/4&#8243;][mk_image src=\u00bbhttp:\/\/gabriellococo.com\/es\/wp-content\/uploads\/2009-reconocimiento-gabriel-lococo.jpg\u00bb image_size=\u00bbfull\u00bb title=\u00bb2009 &#8211; Lapiz de Platino\u00bb desc=\u00bbJurado Buenos Aires &#8211; Argentina\u00bb caption_location=\u00bboutside-image\u00bb align=\u00bbcenter\u00bb el_class=\u00bbreconocimiento\u00bb][\/vc_column_inner][vc_column_inner width=\u00bb1\/4&#8243;][mk_image src=\u00bbhttp:\/\/gabriellococo.com\/es\/wp-content\/uploads\/1994-reconocimiento-gabriel-lococo.jpg\u00bb image_size=\u00bbfull\u00bb title=\u00bb1994 &#8211; Medalla de Oro y Premio Asociaci\u00f3n\u00bb desc=\u00bbInstituto Musical Pueyrred\u00f3n Buenos Aires &#8211; Argentina\u00bb caption_location=\u00bboutside-image\u00bb align=\u00bbcenter\u00bb el_class=\u00bbreconocimiento\u00bb][\/vc_column_inner][\/vc_row_inner][\/vc_column][\/vc_row][vc_row fullwidth=\u00bbtrue\u00bb visibility=\u00bbhidden-sm\u00bb][vc_column][vc_column_text css=\u00bb.vc_custom_1551813891277{margin-bottom: 0px !important;}\u00bb]\n<div id=\"sb_instagram\"  class=\"sbi sbi_mob_col_4 sbi_tab_col_4 sbi_col_4\" style=\"padding-bottom: 10px; background-color: rgb(0,0,0); width: 100%;\"\t data-feedid=\"sbi_#4\"  data-res=\"auto\" data-cols=\"4\" data-colsmobile=\"4\" data-colstablet=\"4\" data-num=\"4\" data-nummobile=\"\" data-item-padding=\"5\"\t data-shortcode-atts=\"{&quot;cachetime&quot;:720}\"  data-postid=\"182\" data-locatornonce=\"da5608755a\" data-imageaspectratio=\"1:1\" data-sbi-flags=\"favorLocal\">\n\t\n\t<div id=\"sbi_images\"  style=\"gap: 10px;\">\n\t\t\t<\/div>\n\n\t<div id=\"sbi_load\" >\n\n\t\n\t\n<\/div>\n\t\t<span class=\"sbi_resized_image_data\" data-feed-id=\"sbi_#4\"\n\t\t  data-resized=\"[]\">\n\t<\/span>\n\t<\/div>\n\n[\/vc_column_text][\/vc_column][\/vc_row][vc_row fullwidth=\u00bbtrue\u00bb fullwidth_content=\u00bbfalse\u00bb parallax=\u00bbcontent-moving\u00bb parallax_image=\u00bb46&#8243; css=\u00bb.vc_custom_1551821224624{padding-top: 100px !important;padding-bottom: 100px !important;}\u00bb id=\u00bbcontacto\u00bb][vc_column width=\u00bb1\/2&#8243;][\/vc_column][vc_column width=\u00bb1\/2&#8243;][vc_row_inner][vc_column_inner width=\u00bb1\/2&#8243;][mk_fancy_title color=\u00bb#ffffff\u00bb size=\u00bb48&#8243; font_weight=\u00bb200&#8243; font_family=\u00bbnone\u00bb]Contacto[\/mk_fancy_title][\/vc_column_inner][vc_column_inner width=\u00bb1\/6&#8243; css=\u00bb.vc_custom_1551819793045{padding-left: 0px !important;}\u00bb][vc_icon icon_fontawesome=\u00bbfa fa-envelope-o\u00bb color=\u00bbwhite\u00bb background_style=\u00bbrounded-less-outline\u00bb link=\u00bburl:mailto%3Acontacto%40gabriellococo.com||target:%20_blank|\u00bb][\/vc_column_inner][vc_column_inner width=\u00bb1\/6&#8243; css=\u00bb.vc_custom_1551820003044{padding-left: 0px !important;}\u00bb][vc_icon icon_fontawesome=\u00bbfa fa-phone\u00bb color=\u00bbwhite\u00bb background_style=\u00bbrounded-less-outline\u00bb link=\u00bburl:tel%3A%2B5491140964832|||\u00bb][\/vc_column_inner][vc_column_inner width=\u00bb1\/6&#8243; css=\u00bb.vc_custom_1551820010508{padding-left: 0px !important;}\u00bb][vc_icon icon_fontawesome=\u00bbfa fa-whatsapp\u00bb color=\u00bbwhite\u00bb background_style=\u00bbrounded-less-outline\u00bb link=\u00bburl:tel%3A%2B5491140964832|||\u00bb][\/vc_column_inner][\/vc_row_inner][mk_contact_form style=\u00bbline\u00bb button_text=\u00bbEnviar comentarios\u00bb line_skin_color=\u00bb#ffffff\u00bb line_button_text_color=\u00bblight\u00bb captcha=\u00bbfalse\u00bb gdpr_consent_text=\u00bbConsiento que Gabriel Lococo recopile mis datos a trav\u00e9s de este formulario.\u00bb][\/vc_column][\/vc_row]\n","protected":false},"excerpt":{"rendered":"<p>[vc_row fullwidth=\u00bbtrue\u00bb fullwidth_content=\u00bbfalse\u00bb css=\u00bb.vc_custom_1554303395492{padding-top: 100px !important;padding-bottom: 100px !important;background-position: center !important;background-repeat: no-repeat !important;background-size: cover !important;}\u00bb id=\u00bbbio\u00bb][vc_column width=\u00bb1\/2&#8243;][mk_fancy_title color=\u00bb#ffffff\u00bb size=\u00bb48&#8243; font_weight=\u00bb200&#8243; font_family=\u00bbnone\u00bb]Qui\u00e9n es Gabriel[\/mk_fancy_title][vc_column_text css=\u00bb.vc_custom_1556045040494{margin-bottom: 0px !important;}\u00bb]Gabriel Lococo naci\u00f3 en Buenos Aires, a los 7 a\u00f1os inicia sus estudios musicales con los Profesores Rodolfo Pellitta y Carmen Etcheverry. Es pianista, compositor y Lic. en publicidad. Su m\u00fasica [&hellip;]<\/p>\n","protected":false},"author":2,"featured_media":0,"parent":0,"menu_order":0,"comment_status":"closed","ping_status":"closed","template":"","meta":{"footnotes":""},"class_list":["post-182","page","type-page","status-publish","hentry"],"_links":{"self":[{"href":"http:\/\/gabriellococo.com\/es\/wp-json\/wp\/v2\/pages\/182","targetHints":{"allow":["GET"]}}],"collection":[{"href":"http:\/\/gabriellococo.com\/es\/wp-json\/wp\/v2\/pages"}],"about":[{"href":"http:\/\/gabriellococo.com\/es\/wp-json\/wp\/v2\/types\/page"}],"author":[{"embeddable":true,"href":"http:\/\/gabriellococo.com\/es\/wp-json\/wp\/v2\/users\/2"}],"replies":[{"embeddable":true,"href":"http:\/\/gabriellococo.com\/es\/wp-json\/wp\/v2\/comments?post=182"}],"version-history":[{"count":18,"href":"http:\/\/gabriellococo.com\/es\/wp-json\/wp\/v2\/pages\/182\/revisions"}],"predecessor-version":[{"id":214,"href":"http:\/\/gabriellococo.com\/es\/wp-json\/wp\/v2\/pages\/182\/revisions\/214"}],"wp:attachment":[{"href":"http:\/\/gabriellococo.com\/es\/wp-json\/wp\/v2\/media?parent=182"}],"curies":[{"name":"wp","href":"https:\/\/api.w.org\/{rel}","templated":true}]}}